{"id":2162,"date":"2019-04-18T10:40:32","date_gmt":"2019-04-18T16:40:32","guid":{"rendered":"http:\/\/dtfnational.flywheelsites.com\/a-propos-de-nous\/"},"modified":"2019-05-28T11:34:44","modified_gmt":"2019-05-28T17:34:44","slug":"a-propos-de-nous","status":"publish","type":"page","link":"https:\/\/yow.dreamstakeflight.ca\/fr\/a-propos-de-nous\/","title":{"rendered":"\u00c0 Propos De Nous"},"content":{"rendered":"\t\t<div data-elementor-type=\"wp-post\" data-elementor-id=\"2162\" class=\"elementor elementor-2162 elementor-66\" data-elementor-post-type=\"page\">\n\t\t\t\t\t\t<section class=\"elementor-section elementor-inner-section elementor-element elementor-element-7cb7e70 elementor-section-boxed elementor-section-height-default elementor-section-height-default\" data-id=\"7cb7e70\" data-element_type=\"section\" data-e-type=\"section\">\n\t\t\t\t\t\t<div class=\"elementor-container elementor-column-gap-no\">\n\t\t\t\t\t<div class=\"elementor-column elementor-col-50 elementor-inner-column elementor-element elementor-element-5329505\" data-id=\"5329505\" data-element_type=\"column\" data-e-type=\"column\">\n\t\t\t<div class=\"elementor-widget-wrap elementor-element-populated\">\n\t\t\t\t\t\t<div class=\"elementor-element elementor-element-0436045 elementor-widget elementor-widget-text-editor\" data-id=\"0436045\" data-element_type=\"widget\" data-e-type=\"widget\" data-widget_type=\"text-editor.default\">\n\t\t\t\t<div class=\"elementor-widget-container\">\n\t\t\t\t\t\t\t\t\t<p>Les bons ingr\u00e9dients pour la vie<\/p>\n<p>Une fois rentr\u00e9s chez eux, tout semble d\u00e9sormais possible. Leur esprit s&#8217;est \u00e9largi \u00e0 de nouvelles dimensions. Ils entrevoient de nouvelles opportunit\u00e9s et ils ont les souvenirs pour le prouver toute leur vie.<\/p>\n<p>Voyage de r\u00eave \u00e9largit l\u2019esprit\u00a0des enfants. Comme l&#8217;a \u00e9crit le po\u00e8te Oliver Wendell Holmes : \u00ab\u00a0Un\u00a0esprit\u00a0qui\u00a0s&#8217;est\u00a0\u00e9largi\u00a0pour\u00a0accueillir\u00a0une\u00a0id\u00e9e\u00a0nouvelle\u00a0ne revient\u00a0jamais\u00a0\u00e0 sa\u00a0dimension\u00a0originelle.\u00a0\u00bb<\/p>\n<p>En 1989, plusieurs employ\u00e9s d\u2019Air Canada \u00e0 Toronto ont planifi\u00e9 un voyage inoubliable. Ils ont organis\u00e9 des ventes de\u00a0g\u00e2teries maison pour amasser les milliers de dollars n\u00e9cessaires. De nombreux petits g\u00e2teaux, biscuits et ingr\u00e9dients sains plus tard, ils sont parvenus \u00e0 amener soixante-dix enfants ayant des besoins particuliers dans un avion DC-9 \u00e0 destination de Walt Disney World, en Floride.<\/p>\n<p>Ce voyage a chang\u00e9 la vie de ces enfants. Pour la premi\u00e8re fois, ils ont compris que d&#8217;autres possibilit\u00e9s s&#8217;offraient \u00e0 eux. Des possibilit\u00e9s sans limites.<\/p>\n\t\t\t\t\t\t\t\t<\/div>\n\t\t\t\t<\/div>\n\t\t\t\t\t<\/div>\n\t\t<\/div>\n\t\t\t\t<div class=\"elementor-column elementor-col-50 elementor-inner-column elementor-element elementor-element-7e538a9\" data-id=\"7e538a9\" data-element_type=\"column\" data-e-type=\"column\">\n\t\t\t<div class=\"elementor-widget-wrap elementor-element-populated\">\n\t\t\t\t\t\t<div class=\"elementor-element elementor-element-74e2a4d elementor-widget elementor-widget-image\" data-id=\"74e2a4d\" data-element_type=\"widget\" data-e-type=\"widget\" data-widget_type=\"image.default\">\n\t\t\t\t<div class=\"elementor-widget-container\">\n\t\t\t\t\t\t\t\t\t\t\t\t\t\t\t<img fetchpriority=\"high\" decoding=\"async\" width=\"600\" height=\"400\" src=\"https:\/\/yow.dreamstakeflight.ca\/wp-content\/uploads\/sites\/10\/2019\/01\/Toronto-600x400.jpg\" class=\"attachment-medium size-medium wp-image-1936\" alt=\"\" srcset=\"https:\/\/yow.dreamstakeflight.ca\/wp-content\/uploads\/sites\/10\/2019\/01\/Toronto-600x400.jpg 600w, https:\/\/yow.dreamstakeflight.ca\/wp-content\/uploads\/sites\/10\/2019\/01\/Toronto-768x512.jpg 768w, https:\/\/yow.dreamstakeflight.ca\/wp-content\/uploads\/sites\/10\/2019\/01\/Toronto.jpg 960w\" sizes=\"(max-width: 600px) 100vw, 600px\" \/>\t\t\t\t\t\t\t\t\t\t\t\t\t\t\t<\/div>\n\t\t\t\t<\/div>\n\t\t\t\t\t<\/div>\n\t\t<\/div>\n\t\t\t\t\t<\/div>\n\t\t<\/section>\n\t\t\t\t<section class=\"elementor-section elementor-top-section elementor-element elementor-element-e1f3f67 elementor-section-boxed elementor-section-height-default elementor-section-height-default\" data-id=\"e1f3f67\" data-element_type=\"section\" data-e-type=\"section\">\n\t\t\t\t\t\t<div class=\"elementor-container elementor-column-gap-no\">\n\t\t\t\t\t<div class=\"elementor-column elementor-col-100 elementor-top-column elementor-element elementor-element-2d763a0\" data-id=\"2d763a0\" data-element_type=\"column\" data-e-type=\"column\">\n\t\t\t<div class=\"elementor-widget-wrap elementor-element-populated\">\n\t\t\t\t\t\t<div class=\"elementor-element elementor-element-f51fb62 elementor-widget elementor-widget-heading\" data-id=\"f51fb62\" data-element_type=\"widget\" data-e-type=\"widget\" data-widget_type=\"heading.default\">\n\t\t\t\t<div class=\"elementor-widget-container\">\n\t\t\t\t\t<h2 class=\"elementor-heading-title elementor-size-default\">En 1997, l'organisme de bienfaisance Voyage de r\u00eave s'est \u00e9tendu \u00e0 huit villes \u00e0 l'\u00e9chelle du Canada : Vancouver, Edmonton, Calgary, Winnipeg, Ottawa, Toronto, Montr\u00e9al et Halifax. Cette trajectoire se poursuit. Une fois par an, chaque section reproduit le vol inaugural de 1989.<\/h2>\t\t\t\t<\/div>\n\t\t\t\t<\/div>\n\t\t\t\t<div class=\"elementor-element elementor-element-392b754 elementor-widget elementor-widget-text-editor\" data-id=\"392b754\" data-element_type=\"widget\" data-e-type=\"widget\" data-widget_type=\"text-editor.default\">\n\t\t\t\t<div class=\"elementor-widget-container\">\n\t\t\t\t\t\t\t\t\t<p>Pendant une longue et passionnante journ\u00e9e, des enfants m\u00e9ritants vivent une aventure dans un parc d&#8217;attractions de renomm\u00e9e mondiale en Californie ou en Floride. Toutes les d\u00e9penses sont pay\u00e9es gr\u00e2ce aux commanditaires et aux b\u00e9n\u00e9voles. Ces enfants ne sont pas habitu\u00e9s aux id\u00e9es qui ouvrent l\u2019esprit. Ils font face \u00e0 des probl\u00e8mes d&#8217;ordre m\u00e9dical, mental, physique, social ou \u00e9motionnel. Ils ne comprennent que trop bien la signification du mot \u00ab non \u00bb.<\/p>\n<p>Air Canada fournit des avions. Les b\u00e9n\u00e9voles recueillent des fonds tout au long de l\u2019ann\u00e9e. Les donateurs couvrent toutes les d\u00e9penses \u2014 le carburant de l&#8217;avion, l&#8217;admission au parc, l&#8217;argent de poche, en plus de l&#8217;argent pour des souvenirs et des cadeaux. Tous les enfants et les accompagnateurs portent des v\u00eatements personnalis\u00e9s qui les distinguent dans le parc.<br \/>\n\u00c0 la fin de l&#8217;ann\u00e9e 2018, plus de 35 000 enfants avaient v\u00e9cu un voyage inoubliable.<\/p>\n<p>Gr\u00e2ce \u00e0 la g\u00e9n\u00e9rosit\u00e9 des Canadiens, encore plus d\u2019enfants diront cette ann\u00e9e : \u00ab Cette journ\u00e9e a \u00e9t\u00e9 incroyable. Maintenant, je sais que, moi aussi, je peux me sentir incroyablement bien. \u00bb<\/p>\n\t\t\t\t\t\t\t\t<\/div>\n\t\t\t\t<\/div>\n\t\t\t\t<div class=\"elementor-element elementor-element-94488e7 elementor-widget elementor-widget-heading\" data-id=\"94488e7\" data-element_type=\"widget\" data-e-type=\"widget\" data-widget_type=\"heading.default\">\n\t\t\t\t<div class=\"elementor-widget-container\">\n\t\t\t\t\t<h2 class=\"elementor-heading-title elementor-size-default\">Une fois rentr\u00e9s chez eux, tout semble d\u00e9sormais possible. Leur esprit s'est \u00e9largi \u00e0 de nouvelles dimensions. Ils entrevoient de nouvelles opportunit\u00e9s et ils ont les souvenirs pour le prouver toute leur vie.<\/h2>\t\t\t\t<\/div>\n\t\t\t\t<\/div>\n\t\t\t\t<div class=\"elementor-element elementor-element-8783696 elementor-widget elementor-widget-spacer\" data-id=\"8783696\" data-element_type=\"widget\" data-e-type=\"widget\" data-widget_type=\"spacer.default\">\n\t\t\t\t<div class=\"elementor-widget-container\">\n\t\t\t\t\t\t\t<div class=\"elementor-spacer\">\n\t\t\t<div class=\"elementor-spacer-inner\"><\/div>\n\t\t<\/div>\n\t\t\t\t\t\t<\/div>\n\t\t\t\t<\/div>\n\t\t\t\t<div class=\"elementor-element elementor-element-af75941 elementor-widget elementor-widget-video\" data-id=\"af75941\" data-element_type=\"widget\" data-e-type=\"widget\" data-settings=\"{&quot;youtube_url&quot;:&quot;https:\\\/\\\/www.youtube.com\\\/watch?v=4DWplzKvjQw&quot;,&quot;video_type&quot;:&quot;youtube&quot;,&quot;controls&quot;:&quot;yes&quot;}\" data-widget_type=\"video.default\">\n\t\t\t\t<div class=\"elementor-widget-container\">\n\t\t\t\t\t\t\t<div class=\"elementor-wrapper elementor-open-inline\">\n\t\t\t<div class=\"elementor-video\"><\/div>\t\t<\/div>\n\t\t\t\t\t\t<\/div>\n\t\t\t\t<\/div>\n\t\t\t\t\t<\/div>\n\t\t<\/div>\n\t\t\t\t\t<\/div>\n\t\t<\/section>\n\t\t\t\t<\/div>\n\t\t","protected":false},"excerpt":{"rendered":"<p>Les bons ingr\u00e9dients pour la vie Une fois rentr\u00e9s chez eux, tout semble d\u00e9sormais possible. Leur esprit s&#8217;est \u00e9largi \u00e0 de nouvelles dimensions. Ils entrevoient de nouvelles opportunit\u00e9s et ils ont les souvenirs pour le prouver toute leur vie. Voyage de r\u00eave \u00e9largit l\u2019esprit\u00a0des enfants. Comme l&#8217;a \u00e9crit le po\u00e8te Oliver Wendell Holmes : \u00ab\u00a0Un\u00a0esprit\u00a0qui\u00a0s&#8217;est\u00a0\u00e9largi\u00a0pour\u00a0accueillir\u00a0une\u00a0id\u00e9e\u00a0nouvelle\u00a0ne [&hellip;]<\/p>\n","protected":false},"author":93,"featured_media":1942,"parent":0,"menu_order":0,"comment_status":"closed","ping_status":"closed","template":"","meta":{"_acf_changed":false,"give_campaign_id":0,"site-sidebar-layout":"default","site-content-layout":"default","ast-site-content-layout":"default","site-content-style":"default","site-sidebar-style":"default","ast-global-header-display":"","ast-banner-title-visibility":"","ast-main-header-display":"","ast-hfb-above-header-display":"","ast-hfb-below-header-display":"","ast-hfb-mobile-header-display":"","site-post-title":"disabled","ast-breadcrumbs-content":"","ast-featured-img":"","footer-sml-layout":"","ast-disable-related-posts":"","theme-transparent-header-meta":"default","adv-header-id-meta":"","stick-header-meta":"","header-above-stick-meta":"","header-main-stick-meta":"","header-below-stick-meta":"","astra-migrate-meta-layouts":"default","ast-page-background-enabled":"default","ast-page-background-meta":{"desktop":{"background-color":"","background-image":"","background-repeat":"repeat","background-position":"center center","background-size":"auto","background-attachment":"scroll","background-type":"","background-media":"","overlay-type":"","overlay-color":"","overlay-opacity":"","overlay-gradient":""},"tablet":{"background-color":"","background-image":"","background-repeat":"repeat","background-position":"center center","background-size":"auto","background-attachment":"scroll","background-type":"","background-media":"","overlay-type":"","overlay-color":"","overlay-opacity":"","overlay-gradient":""},"mobile":{"background-color":"","background-image":"","background-repeat":"repeat","background-position":"center center","background-size":"auto","background-attachment":"scroll","background-type":"","background-media":"","overlay-type":"","overlay-color":"","overlay-opacity":"","overlay-gradient":""}},"ast-content-background-meta":{"desktop":{"background-color":"var(--ast-global-color-5)","background-image":"","background-repeat":"repeat","background-position":"center center","background-size":"auto","background-attachment":"scroll","background-type":"","background-media":"","overlay-type":"","overlay-color":"","overlay-opacity":"","overlay-gradient":""},"tablet":{"background-color":"var(--ast-global-color-5)","background-image":"","background-repeat":"repeat","background-position":"center center","background-size":"auto","background-attachment":"scroll","background-type":"","background-media":"","overlay-type":"","overlay-color":"","overlay-opacity":"","overlay-gradient":""},"mobile":{"background-color":"var(--ast-global-color-5)","background-image":"","background-repeat":"repeat","background-position":"center center","background-size":"auto","background-attachment":"scroll","background-type":"","background-media":"","overlay-type":"","overlay-color":"","overlay-opacity":"","overlay-gradient":""}},"footnotes":""},"class_list":["post-2162","page","type-page","status-publish","has-post-thumbnail","hentry"],"acf":[],"yoast_head":"<!-- This site is optimized with the Yoast SEO plugin v26.3 - https:\/\/yoast.com\/wordpress\/plugins\/seo\/ -->\n<title>\u00c0 Propos De Nous - Dreams Take Flight | Ottawa<\/title>\n<meta name=\"robots\" content=\"index, follow, max-snippet:-1, max-image-preview:large, max-video-preview:-1\" \/>\n<link rel=\"canonical\" href=\"https:\/\/yow.dreamstakeflight.ca\/a-propos-de-nous\/\" \/>\n<meta property=\"og:locale\" content=\"fr_FR\" \/>\n<meta property=\"og:type\" content=\"article\" \/>\n<meta property=\"og:title\" content=\"\u00c0 Propos De Nous - Dreams Take Flight | Ottawa\" \/>\n<meta property=\"og:description\" content=\"Les bons ingr\u00e9dients pour la vie Une fois rentr\u00e9s chez eux, tout semble d\u00e9sormais possible. Leur esprit s&#8217;est \u00e9largi \u00e0 de nouvelles dimensions. Ils entrevoient de nouvelles opportunit\u00e9s et ils ont les souvenirs pour le prouver toute leur vie. Voyage de r\u00eave \u00e9largit l\u2019esprit\u00a0des enfants. Comme l&#8217;a \u00e9crit le po\u00e8te Oliver Wendell Holmes : \u00ab\u00a0Un\u00a0esprit\u00a0qui\u00a0s&#8217;est\u00a0\u00e9largi\u00a0pour\u00a0accueillir\u00a0une\u00a0id\u00e9e\u00a0nouvelle\u00a0ne [&hellip;]\" \/>\n<meta property=\"og:url\" content=\"https:\/\/yow.dreamstakeflight.ca\/a-propos-de-nous\/\" \/>\n<meta property=\"og:site_name\" content=\"Dreams Take Flight | Ottawa\" \/>\n<meta property=\"article:modified_time\" content=\"2019-05-28T17:34:44+00:00\" \/>\n<meta property=\"og:image\" content=\"https:\/\/yow.dreamstakeflight.ca\/wp-content\/uploads\/sites\/10\/2019\/01\/171221100234-b787-9-rockies-brian-losito-air-canada.jpg\" \/>\n\t<meta property=\"og:image:width\" content=\"1200\" \/>\n\t<meta property=\"og:image:height\" content=\"800\" \/>\n\t<meta property=\"og:image:type\" content=\"image\/jpeg\" \/>\n<meta name=\"twitter:card\" content=\"summary_large_image\" \/>\n<meta name=\"twitter:label1\" content=\"Dur\u00e9e de lecture estim\u00e9e\" \/>\n\t<meta name=\"twitter:data1\" content=\"2 minutes\" \/>\n<script type=\"application\/ld+json\" class=\"yoast-schema-graph\">{\"@context\":\"https:\/\/schema.org\",\"@graph\":[{\"@type\":\"WebPage\",\"@id\":\"https:\/\/yow.dreamstakeflight.ca\/a-propos-de-nous\/\",\"url\":\"https:\/\/yow.dreamstakeflight.ca\/a-propos-de-nous\/\",\"name\":\"\u00c0 Propos De Nous - Dreams Take Flight | Ottawa\",\"isPartOf\":{\"@id\":\"https:\/\/yow.dreamstakeflight.ca\/#website\"},\"primaryImageOfPage\":{\"@id\":\"https:\/\/yow.dreamstakeflight.ca\/a-propos-de-nous\/#primaryimage\"},\"image\":{\"@id\":\"https:\/\/yow.dreamstakeflight.ca\/a-propos-de-nous\/#primaryimage\"},\"thumbnailUrl\":\"https:\/\/yow.dreamstakeflight.ca\/wp-content\/uploads\/sites\/10\/2019\/01\/171221100234-b787-9-rockies-brian-losito-air-canada.jpg\",\"datePublished\":\"2019-04-18T16:40:32+00:00\",\"dateModified\":\"2019-05-28T17:34:44+00:00\",\"breadcrumb\":{\"@id\":\"https:\/\/yow.dreamstakeflight.ca\/a-propos-de-nous\/#breadcrumb\"},\"inLanguage\":\"fr-FR\",\"potentialAction\":[{\"@type\":\"ReadAction\",\"target\":[\"https:\/\/yow.dreamstakeflight.ca\/a-propos-de-nous\/\"]}]},{\"@type\":\"ImageObject\",\"inLanguage\":\"fr-FR\",\"@id\":\"https:\/\/yow.dreamstakeflight.ca\/a-propos-de-nous\/#primaryimage\",\"url\":\"https:\/\/yow.dreamstakeflight.ca\/wp-content\/uploads\/sites\/10\/2019\/01\/171221100234-b787-9-rockies-brian-losito-air-canada.jpg\",\"contentUrl\":\"https:\/\/yow.dreamstakeflight.ca\/wp-content\/uploads\/sites\/10\/2019\/01\/171221100234-b787-9-rockies-brian-losito-air-canada.jpg\",\"width\":1200,\"height\":800},{\"@type\":\"BreadcrumbList\",\"@id\":\"https:\/\/yow.dreamstakeflight.ca\/a-propos-de-nous\/#breadcrumb\",\"itemListElement\":[{\"@type\":\"ListItem\",\"position\":1,\"name\":\"Home\",\"item\":\"https:\/\/yow.dreamstakeflight.ca\/fr\/\"},{\"@type\":\"ListItem\",\"position\":2,\"name\":\"\u00c0 Propos De Nous\"}]},{\"@type\":\"WebSite\",\"@id\":\"https:\/\/yow.dreamstakeflight.ca\/#website\",\"url\":\"https:\/\/yow.dreamstakeflight.ca\/\",\"name\":\"Dreams Take Flight | Ottawa\",\"description\":\"\",\"publisher\":{\"@id\":\"https:\/\/yow.dreamstakeflight.ca\/#organization\"},\"potentialAction\":[{\"@type\":\"SearchAction\",\"target\":{\"@type\":\"EntryPoint\",\"urlTemplate\":\"https:\/\/yow.dreamstakeflight.ca\/?s={search_term_string}\"},\"query-input\":{\"@type\":\"PropertyValueSpecification\",\"valueRequired\":true,\"valueName\":\"search_term_string\"}}],\"inLanguage\":\"fr-FR\"},{\"@type\":\"Organization\",\"@id\":\"https:\/\/yow.dreamstakeflight.ca\/#organization\",\"name\":\"Dreams Take Flight | Ottawa\",\"url\":\"https:\/\/yow.dreamstakeflight.ca\/\",\"logo\":{\"@type\":\"ImageObject\",\"inLanguage\":\"fr-FR\",\"@id\":\"https:\/\/yow.dreamstakeflight.ca\/#\/schema\/logo\/image\/\",\"url\":\"https:\/\/yow.dreamstakeflight.ca\/wp-content\/uploads\/sites\/10\/2019\/11\/cropped-thumbnail_DTFC-Logo-2019-BL.png\",\"contentUrl\":\"https:\/\/yow.dreamstakeflight.ca\/wp-content\/uploads\/sites\/10\/2019\/11\/cropped-thumbnail_DTFC-Logo-2019-BL.png\",\"width\":481,\"height\":481,\"caption\":\"Dreams Take Flight | Ottawa\"},\"image\":{\"@id\":\"https:\/\/yow.dreamstakeflight.ca\/#\/schema\/logo\/image\/\"}}]}<\/script>\n<!-- \/ Yoast SEO plugin. -->","yoast_head_json":{"title":"\u00c0 Propos De Nous - Dreams Take Flight | Ottawa","robots":{"index":"index","follow":"follow","max-snippet":"max-snippet:-1","max-image-preview":"max-image-preview:large","max-video-preview":"max-video-preview:-1"},"canonical":"https:\/\/yow.dreamstakeflight.ca\/a-propos-de-nous\/","og_locale":"fr_FR","og_type":"article","og_title":"\u00c0 Propos De Nous - Dreams Take Flight | Ottawa","og_description":"Les bons ingr\u00e9dients pour la vie Une fois rentr\u00e9s chez eux, tout semble d\u00e9sormais possible. Leur esprit s&#8217;est \u00e9largi \u00e0 de nouvelles dimensions. Ils entrevoient de nouvelles opportunit\u00e9s et ils ont les souvenirs pour le prouver toute leur vie. Voyage de r\u00eave \u00e9largit l\u2019esprit\u00a0des enfants. Comme l&#8217;a \u00e9crit le po\u00e8te Oliver Wendell Holmes : \u00ab\u00a0Un\u00a0esprit\u00a0qui\u00a0s&#8217;est\u00a0\u00e9largi\u00a0pour\u00a0accueillir\u00a0une\u00a0id\u00e9e\u00a0nouvelle\u00a0ne [&hellip;]","og_url":"https:\/\/yow.dreamstakeflight.ca\/a-propos-de-nous\/","og_site_name":"Dreams Take Flight | Ottawa","article_modified_time":"2019-05-28T17:34:44+00:00","og_image":[{"width":1200,"height":800,"url":"https:\/\/yow.dreamstakeflight.ca\/wp-content\/uploads\/sites\/10\/2019\/01\/171221100234-b787-9-rockies-brian-losito-air-canada.jpg","type":"image\/jpeg"}],"twitter_card":"summary_large_image","twitter_misc":{"Dur\u00e9e de lecture estim\u00e9e":"2 minutes"},"schema":{"@context":"https:\/\/schema.org","@graph":[{"@type":"WebPage","@id":"https:\/\/yow.dreamstakeflight.ca\/a-propos-de-nous\/","url":"https:\/\/yow.dreamstakeflight.ca\/a-propos-de-nous\/","name":"\u00c0 Propos De Nous - Dreams Take Flight | Ottawa","isPartOf":{"@id":"https:\/\/yow.dreamstakeflight.ca\/#website"},"primaryImageOfPage":{"@id":"https:\/\/yow.dreamstakeflight.ca\/a-propos-de-nous\/#primaryimage"},"image":{"@id":"https:\/\/yow.dreamstakeflight.ca\/a-propos-de-nous\/#primaryimage"},"thumbnailUrl":"https:\/\/yow.dreamstakeflight.ca\/wp-content\/uploads\/sites\/10\/2019\/01\/171221100234-b787-9-rockies-brian-losito-air-canada.jpg","datePublished":"2019-04-18T16:40:32+00:00","dateModified":"2019-05-28T17:34:44+00:00","breadcrumb":{"@id":"https:\/\/yow.dreamstakeflight.ca\/a-propos-de-nous\/#breadcrumb"},"inLanguage":"fr-FR","potentialAction":[{"@type":"ReadAction","target":["https:\/\/yow.dreamstakeflight.ca\/a-propos-de-nous\/"]}]},{"@type":"ImageObject","inLanguage":"fr-FR","@id":"https:\/\/yow.dreamstakeflight.ca\/a-propos-de-nous\/#primaryimage","url":"https:\/\/yow.dreamstakeflight.ca\/wp-content\/uploads\/sites\/10\/2019\/01\/171221100234-b787-9-rockies-brian-losito-air-canada.jpg","contentUrl":"https:\/\/yow.dreamstakeflight.ca\/wp-content\/uploads\/sites\/10\/2019\/01\/171221100234-b787-9-rockies-brian-losito-air-canada.jpg","width":1200,"height":800},{"@type":"BreadcrumbList","@id":"https:\/\/yow.dreamstakeflight.ca\/a-propos-de-nous\/#breadcrumb","itemListElement":[{"@type":"ListItem","position":1,"name":"Home","item":"https:\/\/yow.dreamstakeflight.ca\/fr\/"},{"@type":"ListItem","position":2,"name":"\u00c0 Propos De Nous"}]},{"@type":"WebSite","@id":"https:\/\/yow.dreamstakeflight.ca\/#website","url":"https:\/\/yow.dreamstakeflight.ca\/","name":"Dreams Take Flight | Ottawa","description":"","publisher":{"@id":"https:\/\/yow.dreamstakeflight.ca\/#organization"},"potentialAction":[{"@type":"SearchAction","target":{"@type":"EntryPoint","urlTemplate":"https:\/\/yow.dreamstakeflight.ca\/?s={search_term_string}"},"query-input":{"@type":"PropertyValueSpecification","valueRequired":true,"valueName":"search_term_string"}}],"inLanguage":"fr-FR"},{"@type":"Organization","@id":"https:\/\/yow.dreamstakeflight.ca\/#organization","name":"Dreams Take Flight | Ottawa","url":"https:\/\/yow.dreamstakeflight.ca\/","logo":{"@type":"ImageObject","inLanguage":"fr-FR","@id":"https:\/\/yow.dreamstakeflight.ca\/#\/schema\/logo\/image\/","url":"https:\/\/yow.dreamstakeflight.ca\/wp-content\/uploads\/sites\/10\/2019\/11\/cropped-thumbnail_DTFC-Logo-2019-BL.png","contentUrl":"https:\/\/yow.dreamstakeflight.ca\/wp-content\/uploads\/sites\/10\/2019\/11\/cropped-thumbnail_DTFC-Logo-2019-BL.png","width":481,"height":481,"caption":"Dreams Take Flight | Ottawa"},"image":{"@id":"https:\/\/yow.dreamstakeflight.ca\/#\/schema\/logo\/image\/"}}]}},"campaignId":"","_links":{"self":[{"href":"https:\/\/yow.dreamstakeflight.ca\/fr\/wp-json\/wp\/v2\/pages\/2162","targetHints":{"allow":["GET"]}}],"collection":[{"href":"https:\/\/yow.dreamstakeflight.ca\/fr\/wp-json\/wp\/v2\/pages"}],"about":[{"href":"https:\/\/yow.dreamstakeflight.ca\/fr\/wp-json\/wp\/v2\/types\/page"}],"author":[{"embeddable":true,"href":"https:\/\/yow.dreamstakeflight.ca\/fr\/wp-json\/wp\/v2\/users\/93"}],"replies":[{"embeddable":true,"href":"https:\/\/yow.dreamstakeflight.ca\/fr\/wp-json\/wp\/v2\/comments?post=2162"}],"version-history":[{"count":0,"href":"https:\/\/yow.dreamstakeflight.ca\/fr\/wp-json\/wp\/v2\/pages\/2162\/revisions"}],"wp:featuredmedia":[{"embeddable":true,"href":"https:\/\/yow.dreamstakeflight.ca\/fr\/wp-json\/wp\/v2\/media\/1942"}],"wp:attachment":[{"href":"https:\/\/yow.dreamstakeflight.ca\/fr\/wp-json\/wp\/v2\/media?parent=2162"}],"curies":[{"name":"wp","href":"https:\/\/api.w.org\/{rel}","templated":true}]}}